{"id":2892,"date":"2018-10-29T10:09:41","date_gmt":"2018-10-29T09:09:41","guid":{"rendered":"https:\/\/piricmontage.com\/de\/about-us\/"},"modified":"2024-01-24T19:01:53","modified_gmt":"2024-01-24T18:01:53","slug":"ueber-uns","status":"publish","type":"page","link":"https:\/\/piricmontage.com\/de\/ueber-uns\/","title":{"rendered":"\u00dcber uns"},"content":{"rendered":"\t\t<div data-elementor-type=\"wp-post\" data-elementor-id=\"2892\" class=\"elementor elementor-2892\" data-elementor-settings=\"[]\">\n\t\t\t\t\t\t<div class=\"elementor-inner\">\n\t\t\t\t\t\t\t<div class=\"elementor-section-wrap\">\n\t\t\t\t\t\t\t<section class=\"elementor-section elementor-top-section elementor-element elementor-element-6a6c7581 elementor-section-boxed elementor-section-height-default elementor-section-height-default\" data-id=\"6a6c7581\" data-element_type=\"section\">\n\t\t\t\t\t\t<div class=\"elementor-container elementor-column-gap-default\">\n\t\t\t\t\t\t\t<div class=\"elementor-row\">\n\t\t\t\t\t<div class=\"elementor-column elementor-col-100 elementor-top-column elementor-element elementor-element-40a446a8\" data-id=\"40a446a8\" data-element_type=\"column\">\n\t\t\t<div class=\"elementor-column-wrap elementor-element-populated\">\n\t\t\t\t\t\t\t<div class=\"elementor-widget-wrap\">\n\t\t\t\t\t\t<div class=\"elementor-element elementor-element-4ff4ad68 elementor-widget elementor-widget-heading\" data-id=\"4ff4ad68\" data-element_type=\"widget\" data-widget_type=\"heading.default\">\n\t\t\t\t<div class=\"elementor-widget-container\">\n\t\t\t<h1 class=\"elementor-heading-title elementor-size-xxl\">\u00dcber uns<\/h1>\t\t<\/div>\n\t\t\t\t<\/div>\n\t\t\t\t<div class=\"elementor-element elementor-element-5b625f3 elementor-widget elementor-widget-text-editor\" data-id=\"5b625f3\" data-element_type=\"widget\" data-widget_type=\"text-editor.default\">\n\t\t\t\t<div class=\"elementor-widget-container\">\n\t\t\t\t\t<div class=\"elementor-text-editor elementor-clearfix\"><h3 style=\"text-align: center;\"><span style=\"color: #1a2d58;\">Piri\u0107 monage d.o.o. wurde 2016 gegr\u00fcndet.\nEin engagierter Service f\u00fchrte zu einem stetigen Wachstum geschulter Techniker, die weltweit t\u00e4tig sind. Das Unternehmen ist haupts\u00e4chlich in der Montage von Spritzgie\u00dfmaschinen t\u00e4tig.<\/span><\/h3><\/div>\n\t\t\t\t<\/div>\n\t\t\t\t<\/div>\n\t\t\t\t\t\t<\/div>\n\t\t\t\t\t<\/div>\n\t\t<\/div>\n\t\t\t\t\t\t\t\t<\/div>\n\t\t\t\t\t<\/div>\n\t\t<\/section>\n\t\t\t\t<section class=\"elementor-section elementor-top-section elementor-element elementor-element-b1728b5 elementor-section-boxed elementor-section-height-default elementor-section-height-default\" data-id=\"b1728b5\" data-element_type=\"section\">\n\t\t\t\t\t\t<div class=\"elementor-container elementor-column-gap-default\">\n\t\t\t\t\t\t\t<div class=\"elementor-row\">\n\t\t\t\t\t<div class=\"elementor-column elementor-col-100 elementor-top-column elementor-element elementor-element-ab71307\" data-id=\"ab71307\" data-element_type=\"column\">\n\t\t\t<div class=\"elementor-column-wrap elementor-element-populated\">\n\t\t\t\t\t\t\t<div class=\"elementor-widget-wrap\">\n\t\t\t\t\t\t<div class=\"elementor-element elementor-element-caedcba elementor-aspect-ratio-169 elementor-widget elementor-widget-video\" data-id=\"caedcba\" data-element_type=\"widget\" data-settings=\"{&quot;aspect_ratio&quot;:&quot;169&quot;}\" data-widget_type=\"video.default\">\n\t\t\t\t<div class=\"elementor-widget-container\">\n\t\t\t\t\t<div class=\"elementor-wrapper elementor-fit-aspect-ratio elementor-open-inline\">\n\t\t\t<iframe class=\"elementor-video-iframe\" allowfullscreen title=\"youtube Video Player\" src=\"https:\/\/www.youtube.com\/embed\/yXvzCeZQlfg?feature=oembed&amp;start&amp;end&amp;wmode=opaque&amp;loop=0&amp;controls=1&amp;mute=0&amp;rel=0&amp;modestbranding=0\"><\/iframe>\t\t<\/div>\n\t\t\t\t<\/div>\n\t\t\t\t<\/div>\n\t\t\t\t\t\t<\/div>\n\t\t\t\t\t<\/div>\n\t\t<\/div>\n\t\t\t\t\t\t\t\t<\/div>\n\t\t\t\t\t<\/div>\n\t\t<\/section>\n\t\t\t\t\t\t<\/div>\n\t\t\t\t\t\t<\/div>\n\t\t\t\t\t<\/div>\n\t\t","protected":false},"excerpt":{"rendered":"<p>\u00dcber uns Piri\u0107 monage d.o.o. wurde 2016 gegr\u00fcndet. Ein engagierter Service f\u00fchrte zu einem stetigen Wachstum geschulter Techniker, die weltweit t\u00e4tig sind. Das Unternehmen ist haupts\u00e4chlich in der Montage von Spritzgie\u00dfmaschinen t\u00e4tig.<\/p>\n","protected":false},"author":1,"featured_media":2795,"parent":0,"menu_order":0,"comment_status":"closed","ping_status":"closed","template":"template-full-width-page.php","meta":[],"aioseo_notices":[],"_links":{"self":[{"href":"https:\/\/piricmontage.com\/de\/wp-json\/wp\/v2\/pages\/2892"}],"collection":[{"href":"https:\/\/piricmontage.com\/de\/wp-json\/wp\/v2\/pages"}],"about":[{"href":"https:\/\/piricmontage.com\/de\/wp-json\/wp\/v2\/types\/page"}],"author":[{"embeddable":true,"href":"https:\/\/piricmontage.com\/de\/wp-json\/wp\/v2\/users\/1"}],"replies":[{"embeddable":true,"href":"https:\/\/piricmontage.com\/de\/wp-json\/wp\/v2\/comments?post=2892"}],"version-history":[{"count":14,"href":"https:\/\/piricmontage.com\/de\/wp-json\/wp\/v2\/pages\/2892\/revisions"}],"predecessor-version":[{"id":3129,"href":"https:\/\/piricmontage.com\/de\/wp-json\/wp\/v2\/pages\/2892\/revisions\/3129"}],"wp:featuredmedia":[{"embeddable":true,"href":"https:\/\/piricmontage.com\/de\/wp-json\/wp\/v2\/media\/2795"}],"wp:attachment":[{"href":"https:\/\/piricmontage.com\/de\/wp-json\/wp\/v2\/media?parent=2892"}],"curies":[{"name":"wp","href":"https:\/\/api.w.org\/{rel}","templated":true}]}}